{"id":1731,"date":"2025-01-21T05:49:40","date_gmt":"2025-01-21T04:49:40","guid":{"rendered":"https:\/\/dev.giulini.it\/dna-giulini\/"},"modified":"2025-02-24T11:14:45","modified_gmt":"2025-02-24T10:14:45","slug":"dna-giulini","status":"publish","type":"page","link":"https:\/\/www.giulini.it\/fr\/dna-giulini\/","title":{"rendered":"Dna Giulini"},"content":{"rendered":"<p><div class=\"fusion-fullwidth fullwidth-box fusion-builder-row-1 fusion-flex-container has-pattern-background has-mask-background page-banner nonhundred-percent-fullwidth non-hundred-percent-height-scrolling\" style=\"--awb-border-radius-top-left:0px;--awb-border-radius-top-right:0px;--awb-border-radius-bottom-right:0px;--awb-border-radius-bottom-left:0px;--awb-padding-top:30px;--awb-padding-right:20px;--awb-padding-bottom:90px;--awb-padding-left:20px;--awb-padding-bottom-medium:50px;--awb-padding-bottom-small:50px;--awb-flex-wrap:wrap;\" ><div class=\"fusion-builder-row fusion-row fusion-flex-align-items-flex-start fusion-flex-content-wrap\" style=\"max-width:1626.56px;margin-left: calc(-4% \/ 2 );margin-right: calc(-4% \/ 2 );\"><div class=\"fusion-layout-column fusion_builder_column fusion-builder-column-0 fusion_builder_column_1_1 1_1 fusion-flex-column\" style=\"--awb-bg-size:cover;--awb-width-large:100%;--awb-margin-top-large:0px;--awb-spacing-right-large:1.92%;--awb-margin-bottom-large:20px;--awb-spacing-left-large:1.92%;--awb-width-medium:100%;--awb-order-medium:0;--awb-spacing-right-medium:1.92%;--awb-spacing-left-medium:1.92%;--awb-width-small:100%;--awb-order-small:0;--awb-spacing-right-small:1.92%;--awb-spacing-left-small:1.92%;\"><div class=\"fusion-column-wrapper fusion-column-has-shadow fusion-flex-justify-content-flex-start fusion-content-layout-column\"><div class=\"fusion-title title fusion-title-1 fusion-sep-none fusion-title-text fusion-title-size-one fusion-animated\" style=\"--awb-text-color:var(--awb-custom_color_2);--awb-margin-left:62px;--awb-font-size:120px;\" data-animationType=\"fadeInLeft\" data-animationDuration=\"0.3\" data-animationOffset=\"top-into-view\"><h1 class=\"fusion-title-heading title-heading-left\" style=\"margin:0;font-size:1em;\"><span class=\"text-red\">DNA GIULINI<\/span><\/h1><\/div><div class=\"fusion-title title fusion-title-2 fusion-sep-none fusion-title-text fusion-title-size-one fusion-animated\" style=\"--awb-margin-top:-20px;--awb-margin-bottom:50px;--awb-margin-left:62px;--awb-font-size:120px;\" data-animationType=\"fadeInRight\" data-animationDuration=\"0.3\" data-animationDelay=\"0.5\" data-animationOffset=\"top-into-view\"><h1 class=\"fusion-title-heading title-heading-left\" style=\"margin:0;font-size:1em;\">MADE IN ITALY DEPUIS 1966<\/h1><\/div><\/div><\/div><div class=\"fusion-layout-column fusion_builder_column fusion-builder-column-1 fusion_builder_column_1_1 1_1 fusion-flex-column\" style=\"--awb-padding-right:70px;--awb-padding-left:70px;--awb-padding-right-medium:0px;--awb-padding-left-medium:0px;--awb-padding-right-small:0px;--awb-padding-left-small:0px;--awb-bg-size:cover;--awb-width-large:100%;--awb-margin-top-large:0px;--awb-spacing-right-large:1.92%;--awb-margin-bottom-large:20px;--awb-spacing-left-large:1.92%;--awb-width-medium:100%;--awb-order-medium:0;--awb-spacing-right-medium:1.92%;--awb-spacing-left-medium:1.92%;--awb-width-small:100%;--awb-order-small:0;--awb-spacing-right-small:1.92%;--awb-spacing-left-small:1.92%;\"><div class=\"fusion-column-wrapper fusion-column-has-shadow fusion-flex-justify-content-flex-start fusion-content-layout-block\"><div class=\"fusion-text fusion-text-1\" style=\"--awb-font-size:var(--awb-custom_typography_5-font-size);--awb-line-height:var(--awb-custom_typography_5-line-height);--awb-letter-spacing:var(--awb-custom_typography_5-letter-spacing);--awb-text-transform:var(--awb-custom_typography_5-text-transform);--awb-text-color:var(--awb-color5);--awb-text-font-family:var(--awb-custom_typography_5-font-family);--awb-text-font-weight:var(--awb-custom_typography_5-font-weight);--awb-text-font-style:var(--awb-custom_typography_5-font-style);\"><p>Depuis plus de 50 ans, Giulini G. Rubinetteria est synonyme de qualit\u00e9, cr\u00e9ativit\u00e9, innovation et passion. Ce sont les principes de son ADN Made in Italy avec lesquels elle a su interpr\u00e9ter un march\u00e9 en constante \u00e9volution. Un engagement constant qui a conduit l&rsquo;entreprise \u00e0 devenir une r\u00e9alit\u00e9 industrielle internationale.<\/p>\n<\/div><\/div><\/div><\/div><\/div><div class=\"fusion-fullwidth fullwidth-box fusion-builder-row-2 fusion-flex-container has-pattern-background has-mask-background fusion-parallax-none nonhundred-percent-fullwidth non-hundred-percent-height-scrolling\" style=\"--awb-border-radius-top-left:0px;--awb-border-radius-top-right:0px;--awb-border-radius-bottom-right:0px;--awb-border-radius-bottom-left:0px;--awb-min-height:850px;--awb-min-height-medium:450px;--awb-min-height-small:250px;--awb-background-image:url(&quot;https:\/\/www.giulini.it\/wp-content\/uploads\/2025\/01\/DNA_made_in_italy_Giulini_rubinetteria-new.jpg&quot;);--awb-background-size:cover;--awb-flex-wrap:wrap;\" ><div class=\"fusion-builder-row fusion-row fusion-flex-align-items-flex-start fusion-flex-content-wrap\" style=\"max-width:1626.56px;margin-left: calc(-4% \/ 2 );margin-right: calc(-4% \/ 2 );\"><\/div><\/div><div class=\"fusion-fullwidth fullwidth-box fusion-builder-row-3 fusion-flex-container has-pattern-background has-mask-background nonhundred-percent-fullwidth non-hundred-percent-height-scrolling\" style=\"--awb-border-radius-top-left:0px;--awb-border-radius-top-right:0px;--awb-border-radius-bottom-right:0px;--awb-border-radius-bottom-left:0px;--awb-padding-top:90px;--awb-padding-bottom:70px;--awb-padding-top-medium:50px;--awb-padding-right-medium:20px;--awb-padding-bottom-medium:50px;--awb-padding-left-medium:20px;--awb-flex-wrap:wrap;\" ><div class=\"fusion-builder-row fusion-row fusion-flex-align-items-flex-start fusion-flex-content-wrap\" style=\"max-width:1626.56px;margin-left: calc(-4% \/ 2 );margin-right: calc(-4% \/ 2 );\"><div class=\"fusion-layout-column fusion_builder_column fusion-builder-column-2 fusion_builder_column_1_2 1_2 fusion-flex-column\" style=\"--awb-padding-left:120px;--awb-padding-left-medium:0px;--awb-bg-size:cover;--awb-width-large:50%;--awb-margin-top-large:0px;--awb-spacing-right-large:3.84%;--awb-margin-bottom-large:20px;--awb-spacing-left-large:3.84%;--awb-width-medium:50%;--awb-order-medium:0;--awb-spacing-right-medium:3.84%;--awb-spacing-left-medium:3.84%;--awb-width-small:100%;--awb-order-small:0;--awb-spacing-right-small:1.92%;--awb-spacing-left-small:1.92%;\"><div class=\"fusion-column-wrapper fusion-column-has-shadow fusion-flex-justify-content-flex-start fusion-content-layout-column\"><div class=\"fusion-text fusion-text-2\" style=\"--awb-font-size:var(--awb-custom_typography_5-font-size);--awb-line-height:var(--awb-custom_typography_5-line-height);--awb-letter-spacing:var(--awb-custom_typography_5-letter-spacing);--awb-text-transform:var(--awb-custom_typography_5-text-transform);--awb-text-color:var(--awb-color5);--awb-text-font-family:var(--awb-custom_typography_5-font-family);--awb-text-font-weight:var(--awb-custom_typography_5-font-weight);--awb-text-font-style:var(--awb-custom_typography_5-font-style);\"><p>L&rsquo;entreprise se distingue par la cr\u00e9ation de produits de qualit\u00e9 aux designs innovants, d\u00e9montrant comment les principes et les valeurs du \u00ab Made in Italy \u00bb ont toujours \u00e9t\u00e9 pr\u00e9sents.<\/p>\n<p>&nbsp;<\/p>\n<p>Tout cela gr\u00e2ce \u00e0 une connaissance approfondie des probl\u00e8mes techniques et \u00e0 une discussion continue avec ses clients, dans le but de satisfaire les demandes des consommateurs les plus attentifs et les plus exigeants. Une entreprise qui a su proposer des produits de plus en plus technologiques et en phase avec les nouvelles tendances.<\/p>\n<\/div><\/div><\/div><div class=\"fusion-layout-column fusion_builder_column fusion-builder-column-3 fusion_builder_column_1_2 1_2 fusion-flex-column\" style=\"--awb-padding-right:120px;--awb-padding-right-medium:0px;--awb-padding-top-small:30px;--awb-bg-size:cover;--awb-width-large:50%;--awb-margin-top-large:0px;--awb-spacing-right-large:3.84%;--awb-margin-bottom-large:20px;--awb-spacing-left-large:3.84%;--awb-width-medium:50%;--awb-order-medium:0;--awb-spacing-right-medium:3.84%;--awb-spacing-left-medium:3.84%;--awb-width-small:100%;--awb-order-small:0;--awb-spacing-right-small:1.92%;--awb-spacing-left-small:1.92%;\"><div class=\"fusion-column-wrapper fusion-column-has-shadow fusion-flex-justify-content-flex-start fusion-content-layout-column\"><div class=\"fusion-image-element \" style=\"--awb-caption-title-font-family:var(--h2_typography-font-family);--awb-caption-title-font-weight:var(--h2_typography-font-weight);--awb-caption-title-font-style:var(--h2_typography-font-style);--awb-caption-title-size:var(--h2_typography-font-size);--awb-caption-title-transform:var(--h2_typography-text-transform);--awb-caption-title-line-height:var(--h2_typography-line-height);--awb-caption-title-letter-spacing:var(--h2_typography-letter-spacing);\"><span class=\" fusion-imageframe imageframe-none imageframe-1 hover-type-none img-full fusion-animated\" data-animationType=\"fadeInRight\" data-animationDuration=\"0.3\" data-animationDelay=\"0.5\" data-animationOffset=\"top-into-view\"><img decoding=\"async\" width=\"624\" height=\"881\" title=\"DNA_made_in_italy_certificate_Giulini_rubinetteria new\" src=\"https:\/\/www.giulini.it\/wp-content\/uploads\/2025\/01\/DNA_made_in_italy_certificate_Giulini_rubinetteria-new.jpg\" alt class=\"img-responsive wp-image-1382\" srcset=\"https:\/\/www.giulini.it\/wp-content\/uploads\/2025\/01\/DNA_made_in_italy_certificate_Giulini_rubinetteria-new-200x282.jpg%20200w,%20https:\/www.giulini.it\/wp-content\/uploads\/2025\/01\/DNA_made_in_italy_certificate_Giulini_rubinetteria-new-400x565.jpg%20400w,%20https:\/www.giulini.it\/wp-content\/uploads\/2025\/01\/DNA_made_in_italy_certificate_Giulini_rubinetteria-new-600x847.jpg%20600w,%20https:\/www.giulini.it\/wp-content\/uploads\/2025\/01\/DNA_made_in_italy_certificate_Giulini_rubinetteria-new.jpg%20624w\" sizes=\"(max-width: 640px) 100vw, 624px\" \/><\/span><\/div><\/div><\/div><div class=\"fusion-layout-column fusion_builder_column fusion-builder-column-4 fusion_builder_column_1_1 1_1 fusion-flex-column\" style=\"--awb-padding-top:70px;--awb-padding-top-small:35px;--awb-bg-size:cover;--awb-width-large:100%;--awb-margin-top-large:0px;--awb-spacing-right-large:1.92%;--awb-margin-bottom-large:20px;--awb-spacing-left-large:1.92%;--awb-width-medium:100%;--awb-order-medium:0;--awb-spacing-right-medium:1.92%;--awb-spacing-left-medium:1.92%;--awb-width-small:100%;--awb-order-small:0;--awb-spacing-right-small:1.92%;--awb-spacing-left-small:1.92%;\"><div class=\"fusion-column-wrapper fusion-column-has-shadow fusion-flex-justify-content-flex-start fusion-content-layout-column\"><\/div><\/div><\/div><\/div><\/p>\n","protected":false},"excerpt":{"rendered":"","protected":false},"author":3,"featured_media":0,"parent":0,"menu_order":30,"comment_status":"closed","ping_status":"closed","template":"100-width.php","meta":{"_bbp_topic_count":0,"_bbp_reply_count":0,"_bbp_total_topic_count":0,"_bbp_total_reply_count":0,"_bbp_voice_count":0,"_bbp_anonymous_reply_count":0,"_bbp_topic_count_hidden":0,"_bbp_reply_count_hidden":0,"_bbp_forum_subforum_count":0,"footnotes":""},"class_list":["post-1731","page","type-page","status-publish","hentry"],"acf":[],"yoast_head":"<!-- This site is optimized with the Yoast SEO plugin v26.2 - https:\/\/yoast.com\/wordpress\/plugins\/seo\/ -->\n<title>Dna Giulini - Rubinetterie Giulini<\/title>\n<meta name=\"robots\" content=\"index, follow, max-snippet:-1, max-image-preview:large, max-video-preview:-1\" \/>\n<link rel=\"canonical\" href=\"https:\/\/www.giulini.it\/fr\/dna-giulini\/\" \/>\n<meta property=\"og:locale\" content=\"fr_FR\" \/>\n<meta property=\"og:type\" content=\"article\" \/>\n<meta property=\"og:title\" content=\"Dna Giulini - Rubinetterie Giulini\" \/>\n<meta property=\"og:url\" content=\"https:\/\/www.giulini.it\/fr\/dna-giulini\/\" \/>\n<meta property=\"og:site_name\" content=\"Rubinetterie Giulini\" \/>\n<meta property=\"article:publisher\" content=\"https:\/\/www.facebook.com\/profile.php?id=61573782434677\" \/>\n<meta property=\"article:modified_time\" content=\"2025-02-24T10:14:45+00:00\" \/>\n<meta name=\"twitter:card\" content=\"summary_large_image\" \/>\n<meta name=\"twitter:label1\" content=\"Dur\u00e9e de lecture estim\u00e9e\" \/>\n\t<meta name=\"twitter:data1\" content=\"15 minutes\" \/>\n<script type=\"application\/ld+json\" class=\"yoast-schema-graph\">{\"@context\":\"https:\/\/schema.org\",\"@graph\":[{\"@type\":\"WebPage\",\"@id\":\"https:\/\/www.giulini.it\/fr\/dna-giulini\/\",\"url\":\"https:\/\/www.giulini.it\/fr\/dna-giulini\/\",\"name\":\"Dna Giulini - Rubinetterie Giulini\",\"isPartOf\":{\"@id\":\"https:\/\/www.giulini.it\/#website\"},\"datePublished\":\"2025-01-21T04:49:40+00:00\",\"dateModified\":\"2025-02-24T10:14:45+00:00\",\"breadcrumb\":{\"@id\":\"https:\/\/www.giulini.it\/fr\/dna-giulini\/#breadcrumb\"},\"inLanguage\":\"fr-FR\",\"potentialAction\":[{\"@type\":\"ReadAction\",\"target\":[\"https:\/\/www.giulini.it\/fr\/dna-giulini\/\"]}]},{\"@type\":\"BreadcrumbList\",\"@id\":\"https:\/\/www.giulini.it\/fr\/dna-giulini\/#breadcrumb\",\"itemListElement\":[{\"@type\":\"ListItem\",\"position\":1,\"name\":\"Home\",\"item\":\"https:\/\/www.giulini.it\/fr\/accueil\/\"},{\"@type\":\"ListItem\",\"position\":2,\"name\":\"Dna Giulini\"}]},{\"@type\":\"WebSite\",\"@id\":\"https:\/\/www.giulini.it\/#website\",\"url\":\"https:\/\/www.giulini.it\/\",\"name\":\"Rubinetterie Giulini\",\"description\":\"\",\"publisher\":{\"@id\":\"https:\/\/www.giulini.it\/#organization\"},\"potentialAction\":[{\"@type\":\"SearchAction\",\"target\":{\"@type\":\"EntryPoint\",\"urlTemplate\":\"https:\/\/www.giulini.it\/?s=%7Bsearch_term_string%7D\"},\"query-input\":{\"@type\":\"PropertyValueSpecification\",\"valueRequired\":true,\"valueName\":\"search_term_string\"}}],\"inLanguage\":\"fr-FR\"},{\"@type\":\"Organization\",\"@id\":\"https:\/\/www.giulini.it\/#organization\",\"name\":\"Rubinetterie Giulini\",\"url\":\"https:\/\/www.giulini.it\/\",\"logo\":{\"@type\":\"ImageObject\",\"inLanguage\":\"fr-FR\",\"@id\":\"https:\/\/www.giulini.it\/#\/schema\/logo\/image\/\",\"url\":\"https:\/\/www.giulini.it\/wp-content\/uploads\/2025\/10\/Logo-GIULINI.svg\",\"contentUrl\":\"https:\/\/www.giulini.it\/wp-content\/uploads\/2025\/10\/Logo-GIULINI.svg\",\"width\":1036,\"height\":250,\"caption\":\"Rubinetterie Giulini\"},\"image\":{\"@id\":\"https:\/\/www.giulini.it\/#\/schema\/logo\/image\/\"},\"sameAs\":[\"https:\/\/www.facebook.com\/profile.php?id=61573782434677\"]}]}<\/script>\n<!-- \/ Yoast SEO plugin. -->","yoast_head_json":{"title":"Dna Giulini - Rubinetterie Giulini","robots":{"index":"index","follow":"follow","max-snippet":"max-snippet:-1","max-image-preview":"max-image-preview:large","max-video-preview":"max-video-preview:-1"},"canonical":"https:\/\/www.giulini.it\/fr\/dna-giulini\/","og_locale":"fr_FR","og_type":"article","og_title":"Dna Giulini - Rubinetterie Giulini","og_url":"https:\/\/www.giulini.it\/fr\/dna-giulini\/","og_site_name":"Rubinetterie Giulini","article_publisher":"https:\/\/www.facebook.com\/profile.php?id=61573782434677","article_modified_time":"2025-02-24T10:14:45+00:00","twitter_card":"summary_large_image","twitter_misc":{"Dur\u00e9e de lecture estim\u00e9e":"15 minutes"},"schema":{"@context":"https:\/\/schema.org","@graph":[{"@type":"WebPage","@id":"https:\/\/www.giulini.it\/fr\/dna-giulini\/","url":"https:\/\/www.giulini.it\/fr\/dna-giulini\/","name":"Dna Giulini - Rubinetterie Giulini","isPartOf":{"@id":"https:\/\/www.giulini.it\/#website"},"datePublished":"2025-01-21T04:49:40+00:00","dateModified":"2025-02-24T10:14:45+00:00","breadcrumb":{"@id":"https:\/\/www.giulini.it\/fr\/dna-giulini\/#breadcrumb"},"inLanguage":"fr-FR","potentialAction":[{"@type":"ReadAction","target":["https:\/\/www.giulini.it\/fr\/dna-giulini\/"]}]},{"@type":"BreadcrumbList","@id":"https:\/\/www.giulini.it\/fr\/dna-giulini\/#breadcrumb","itemListElement":[{"@type":"ListItem","position":1,"name":"Home","item":"https:\/\/www.giulini.it\/fr\/accueil\/"},{"@type":"ListItem","position":2,"name":"Dna Giulini"}]},{"@type":"WebSite","@id":"https:\/\/www.giulini.it\/#website","url":"https:\/\/www.giulini.it\/","name":"Rubinetterie Giulini","description":"","publisher":{"@id":"https:\/\/www.giulini.it\/#organization"},"potentialAction":[{"@type":"SearchAction","target":{"@type":"EntryPoint","urlTemplate":"https:\/\/www.giulini.it\/?s=%7Bsearch_term_string%7D"},"query-input":{"@type":"PropertyValueSpecification","valueRequired":true,"valueName":"search_term_string"}}],"inLanguage":"fr-FR"},{"@type":"Organization","@id":"https:\/\/www.giulini.it\/#organization","name":"Rubinetterie Giulini","url":"https:\/\/www.giulini.it\/","logo":{"@type":"ImageObject","inLanguage":"fr-FR","@id":"https:\/\/www.giulini.it\/#\/schema\/logo\/image\/","url":"https:\/\/www.giulini.it\/wp-content\/uploads\/2025\/10\/Logo-GIULINI.svg","contentUrl":"https:\/\/www.giulini.it\/wp-content\/uploads\/2025\/10\/Logo-GIULINI.svg","width":1036,"height":250,"caption":"Rubinetterie Giulini"},"image":{"@id":"https:\/\/www.giulini.it\/#\/schema\/logo\/image\/"},"sameAs":["https:\/\/www.facebook.com\/profile.php?id=61573782434677"]}]}},"_links":{"self":[{"href":"https:\/\/www.giulini.it\/fr\/wp-json\/wp\/v2\/pages\/1731","targetHints":{"allow":["GET"]}}],"collection":[{"href":"https:\/\/www.giulini.it\/fr\/wp-json\/wp\/v2\/pages"}],"about":[{"href":"https:\/\/www.giulini.it\/fr\/wp-json\/wp\/v2\/types\/page"}],"author":[{"embeddable":true,"href":"https:\/\/www.giulini.it\/fr\/wp-json\/wp\/v2\/users\/3"}],"replies":[{"embeddable":true,"href":"https:\/\/www.giulini.it\/fr\/wp-json\/wp\/v2\/comments?post=1731"}],"version-history":[{"count":19,"href":"https:\/\/www.giulini.it\/fr\/wp-json\/wp\/v2\/pages\/1731\/revisions"}],"predecessor-version":[{"id":34149,"href":"https:\/\/www.giulini.it\/fr\/wp-json\/wp\/v2\/pages\/1731\/revisions\/34149"}],"wp:attachment":[{"href":"https:\/\/www.giulini.it\/fr\/wp-json\/wp\/v2\/media?parent=1731"}],"curies":[{"name":"wp","href":"https:\/\/api.w.org\/{rel}","templated":true}]}}